{"id":182,"date":"2021-06-25T10:06:21","date_gmt":"2021-06-25T08:06:21","guid":{"rendered":"https:\/\/www.normbud.pl\/korozja\/?page_id=182"},"modified":"2021-07-01T14:45:56","modified_gmt":"2021-07-01T12:45:56","slug":"autopurge-timer","status":"publish","type":"page","link":"https:\/\/normbud.pl\/korozja\/autopurge-timer\/","title":{"rendered":"AutoPurge Timer"},"content":{"rendered":"<p><img loading=\"lazy\" decoding=\"async\" class=\" wp-image-173 alignleft\" src=\"https:\/\/www.normbud.pl\/korozja\/wp-content\/uploads\/2021\/06\/logo_N2BLAST.png\" alt=\"\" width=\"131\" height=\"43\" \/>South-Tek&#8217;s AutoPurge (AP) Timer eliminuje potrzeb\u0119 ci\u0105g\u0142ej pracy systemu AutoPurge (AP) poprzez zamkni\u0119cie dop\u0142ywu azotu, gdy jego st\u0119\u017cenie w danej sekcji instalacji osi\u0105gnie warto\u015b\u0107 wy\u017csz\u0105 lub r\u00f3wn\u0105 98%.<\/p>\n<p>| AP timer prze\u0142\u0105cza AP system do pozycji \u201ezamkni\u0119tej\u201d po 5 tygodniach (z mo\u017cliwo\u015bci\u0105 regulacji)<br \/>\n| Reset r\u0119czny, wznawia prac\u0119 systemu AP po wykonaniu test\u00f3w lub zadzia\u0142aniu ZKA<\/p>\n<p><strong>Timer dla 1 sekcji<\/strong><br \/>\n| Pod\u0142\u0105cza si\u0119 do jednego N2Blast &#8211; APS<br \/>\n| Do monta\u017cu na\u015bciennego w odleg\u0142o\u015bci nie wi\u0119kszej ni\u017c 4,57 m od APS<br \/>\n| W zestawie &#8211; 4,57 m rurki o \u015brednicy 6,35 mm<\/p>\n<p><strong>Timer dla 6 sekcji<\/strong><br \/>\n| Pod\u0142\u0105cza si\u0119 do maks 6 N2Blast &#8211; APS<br \/>\n| Do monta\u017cu na\u015bciennego w centralnej lokalizacji APS<br \/>\n| W zestawie &#8211; 152,4 m rurki o \u015brednicy 6,35 mm<\/p>\n<p><img loading=\"lazy\" decoding=\"async\" class=\"alignnone wp-image-174 size-full\" src=\"https:\/\/www.normbud.pl\/korozja\/wp-content\/uploads\/2021\/06\/tabela_N2BLAST.png\" alt=\"tabela wymiar\u00f3w\" width=\"2376\" height=\"754\" srcset=\"https:\/\/normbud.pl\/korozja\/wp-content\/uploads\/2021\/06\/tabela_N2BLAST.png 2376w, https:\/\/normbud.pl\/korozja\/wp-content\/uploads\/2021\/06\/tabela_N2BLAST-300x95.png 300w, https:\/\/normbud.pl\/korozja\/wp-content\/uploads\/2021\/06\/tabela_N2BLAST-1024x325.png 1024w, https:\/\/normbud.pl\/korozja\/wp-content\/uploads\/2021\/06\/tabela_N2BLAST-768x244.png 768w, https:\/\/normbud.pl\/korozja\/wp-content\/uploads\/2021\/06\/tabela_N2BLAST-1536x487.png 1536w, https:\/\/normbud.pl\/korozja\/wp-content\/uploads\/2021\/06\/tabela_N2BLAST-2048x650.png 2048w\" sizes=\"auto, (max-width: 706px) 89vw, (max-width: 767px) 82vw, 740px\" \/><\/p>\n<p><img loading=\"lazy\" decoding=\"async\" class=\"alignnone wp-image-175 size-full\" src=\"https:\/\/www.normbud.pl\/korozja\/wp-content\/uploads\/2021\/06\/rys_N2BLAST.png\" alt=\"\" width=\"2261\" height=\"717\" srcset=\"https:\/\/normbud.pl\/korozja\/wp-content\/uploads\/2021\/06\/rys_N2BLAST.png 2261w, https:\/\/normbud.pl\/korozja\/wp-content\/uploads\/2021\/06\/rys_N2BLAST-300x95.png 300w, https:\/\/normbud.pl\/korozja\/wp-content\/uploads\/2021\/06\/rys_N2BLAST-1024x325.png 1024w, https:\/\/normbud.pl\/korozja\/wp-content\/uploads\/2021\/06\/rys_N2BLAST-768x244.png 768w, https:\/\/normbud.pl\/korozja\/wp-content\/uploads\/2021\/06\/rys_N2BLAST-1536x487.png 1536w, https:\/\/normbud.pl\/korozja\/wp-content\/uploads\/2021\/06\/rys_N2BLAST-2048x649.png 2048w\" sizes=\"auto, (max-width: 706px) 89vw, (max-width: 767px) 82vw, 740px\" \/><\/p>\n<hr \/>\n<p><img loading=\"lazy\" decoding=\"async\" class=\"alignnone wp-image-184\" src=\"https:\/\/www.normbud.pl\/korozja\/wp-content\/uploads\/2021\/06\/pdf-ikona-300x297-1.png\" alt=\"\" width=\"45\" height=\"45\" \/>Pobierz:<\/p>\n<ul>\n<li><a href=\"https:\/\/www.normbud.pl\/korozja\/wp-content\/uploads\/2021\/06\/AutoPurge-Timer.pdf\" target=\"_blank\" rel=\"noopener\">karta katalogowa<\/a><\/li>\n<\/ul>\n","protected":false},"excerpt":{"rendered":"<p>South-Tek&#8217;s AutoPurge (AP) Timer eliminuje potrzeb\u0119 ci\u0105g\u0142ej pracy systemu AutoPurge (AP) poprzez zamkni\u0119cie dop\u0142ywu azotu, gdy jego st\u0119\u017cenie w danej sekcji instalacji osi\u0105gnie warto\u015b\u0107 wy\u017csz\u0105 lub r\u00f3wn\u0105 98%. | AP timer prze\u0142\u0105cza AP system do pozycji \u201ezamkni\u0119tej\u201d po 5 tygodniach (z mo\u017cliwo\u015bci\u0105 regulacji) | Reset r\u0119czny, wznawia prac\u0119 systemu AP po wykonaniu test\u00f3w lub zadzia\u0142aniu &hellip; <\/p>\n<p class=\"link-more\"><a href=\"https:\/\/normbud.pl\/korozja\/autopurge-timer\/\" class=\"more-link\">Czytaj dalej<span class=\"screen-reader-text\"> \u201eAutoPurge Timer\u201d<\/span><\/a><\/p>\n","protected":false},"author":1,"featured_media":0,"parent":0,"menu_order":0,"comment_status":"closed","ping_status":"closed","template":"","meta":{"footnotes":""},"class_list":["post-182","page","type-page","status-publish","hentry"],"aioseo_notices":[],"_links":{"self":[{"href":"https:\/\/normbud.pl\/korozja\/wp-json\/wp\/v2\/pages\/182","targetHints":{"allow":["GET"]}}],"collection":[{"href":"https:\/\/normbud.pl\/korozja\/wp-json\/wp\/v2\/pages"}],"about":[{"href":"https:\/\/normbud.pl\/korozja\/wp-json\/wp\/v2\/types\/page"}],"author":[{"embeddable":true,"href":"https:\/\/normbud.pl\/korozja\/wp-json\/wp\/v2\/users\/1"}],"replies":[{"embeddable":true,"href":"https:\/\/normbud.pl\/korozja\/wp-json\/wp\/v2\/comments?post=182"}],"version-history":[{"count":12,"href":"https:\/\/normbud.pl\/korozja\/wp-json\/wp\/v2\/pages\/182\/revisions"}],"predecessor-version":[{"id":207,"href":"https:\/\/normbud.pl\/korozja\/wp-json\/wp\/v2\/pages\/182\/revisions\/207"}],"wp:attachment":[{"href":"https:\/\/normbud.pl\/korozja\/wp-json\/wp\/v2\/media?parent=182"}],"curies":[{"name":"wp","href":"https:\/\/api.w.org\/{rel}","templated":true}]}}