{"id":222,"date":"2021-07-01T15:17:16","date_gmt":"2021-07-01T13:17:16","guid":{"rendered":"https:\/\/www.normbud.pl\/korozja\/?page_id=222"},"modified":"2023-07-19T14:57:54","modified_gmt":"2023-07-19T12:57:54","slug":"generator-azotu-fps-500","status":"publish","type":"page","link":"https:\/\/normbud.pl\/korozja\/generator-azotu-fps-500\/","title":{"rendered":"Generator Azotu FPS-500"},"content":{"rendered":"\n<figure class=\"wp-block-table\"><table><tbody><tr><td><img loading=\"lazy\" decoding=\"async\" width=\"131\" height=\"43\" class=\" wp-image-173 alignleft\" src=\"https:\/\/www.normbud.pl\/korozja\/wp-content\/uploads\/2021\/06\/logo_N2BLAST.png\" alt=\"\">| Do 1890 litr\u00f3w pojemno\u015bci instalacji<br>| Technologia dwustopniowej adsorpcji zmiennoci\u015bnieniowej<\/td><\/tr><\/tbody><\/table><\/figure>\n\n\n\n<p>| Zintegrowany kompresor powietrza (nie przeznaczony do szybkiego nape\u0142niania)<br>| Zbiornik na azot o pojemno\u015bci 37 litr\u00f3w<br>| PLC z technologi\u0105 Smart-Trak&#x2122;<br>| BlastOff&#x2122; I \u2013system detekcji nieszczelno\u015bci\/wyciek\u00f3w<br>| BlastOff II \u2013 alarm obej\u015bcia powietrza<br>| BlastOff III \u2013 system wczesnego ostrzegania (Opcja)<br>| BlastOff IV \u2013 alarm niskiego st\u0119\u017cenia (Opcja)<\/p>\n\n\n\n<figure class=\"wp-block-image size-full is-resized\"><img loading=\"lazy\" decoding=\"async\" src=\"https:\/\/normbud.pl\/korozja\/wp-content\/uploads\/2023\/07\/Screenshot_41.png\" alt=\"\" class=\"wp-image-315\" width=\"555\" height=\"590\" srcset=\"https:\/\/normbud.pl\/korozja\/wp-content\/uploads\/2023\/07\/Screenshot_41.png 685w, https:\/\/normbud.pl\/korozja\/wp-content\/uploads\/2023\/07\/Screenshot_41-282x300.png 282w\" sizes=\"auto, (max-width: 555px) 100vw, 555px\" \/><\/figure>\n\n\n\n<figure class=\"wp-block-image\"><img loading=\"lazy\" decoding=\"async\" width=\"585\" height=\"553\" src=\"https:\/\/www.normbud.pl\/korozja\/wp-content\/uploads\/2021\/07\/500_wymiary.png\" alt=\"\" class=\"wp-image-224\" srcset=\"https:\/\/normbud.pl\/korozja\/wp-content\/uploads\/2021\/07\/500_wymiary.png 585w, https:\/\/normbud.pl\/korozja\/wp-content\/uploads\/2021\/07\/500_wymiary-300x284.png 300w\" sizes=\"auto, (max-width: 585px) 100vw, 585px\" \/><\/figure>\n\n\n\n<hr class=\"wp-block-separator has-alpha-channel-opacity\"\/>\n\n\n\n<figure class=\"wp-block-image\"><img loading=\"lazy\" decoding=\"async\" width=\"300\" height=\"68\" src=\"https:\/\/www.normbud.pl\/korozja\/wp-content\/uploads\/2021\/07\/certyfikaty-300x68.png\" alt=\"\" class=\"wp-image-231\" srcset=\"https:\/\/normbud.pl\/korozja\/wp-content\/uploads\/2021\/07\/certyfikaty-300x68.png 300w, https:\/\/normbud.pl\/korozja\/wp-content\/uploads\/2021\/07\/certyfikaty.png 371w\" sizes=\"auto, (max-width: 300px) 100vw, 300px\" \/><\/figure>\n\n\n\n<hr class=\"wp-block-separator has-alpha-channel-opacity\"\/>\n\n\n\n<p><img loading=\"lazy\" decoding=\"async\" class=\"alignnone wp-image-184\" src=\"https:\/\/www.normbud.pl\/korozja\/wp-content\/uploads\/2021\/06\/pdf-ikona-300x297-1.png\" alt=\"\" width=\"45\" height=\"45\">Pobierz:<\/p>\n\n\n\n<ul class=\"wp-block-list\">\n<li><a href=\"https:\/\/normbud.pl\/korozja\/wp-content\/uploads\/2023\/07\/N2Blast-FPS-500-Karta-katalogowa.pdf\" target=\"_blank\" rel=\"noreferrer noopener\">karta katalogowa<\/a><\/li>\n<\/ul>\n","protected":false},"excerpt":{"rendered":"<p>| Do 1890 litr\u00f3w pojemno\u015bci instalacji| Technologia dwustopniowej adsorpcji zmiennoci\u015bnieniowej | Zintegrowany kompresor powietrza (nie przeznaczony do szybkiego nape\u0142niania)| Zbiornik na azot o pojemno\u015bci 37 litr\u00f3w| PLC z technologi\u0105 Smart-Trak&#x2122;| BlastOff&#x2122; I \u2013system detekcji nieszczelno\u015bci\/wyciek\u00f3w| BlastOff II \u2013 alarm obej\u015bcia powietrza| BlastOff III \u2013 system wczesnego ostrzegania (Opcja)| BlastOff IV \u2013 alarm niskiego st\u0119\u017cenia (Opcja) &hellip; <\/p>\n<p class=\"link-more\"><a href=\"https:\/\/normbud.pl\/korozja\/generator-azotu-fps-500\/\" class=\"more-link\">Czytaj dalej<span class=\"screen-reader-text\"> \u201eGenerator Azotu FPS-500\u201d<\/span><\/a><\/p>\n","protected":false},"author":1,"featured_media":0,"parent":0,"menu_order":0,"comment_status":"closed","ping_status":"closed","template":"","meta":{"footnotes":""},"class_list":["post-222","page","type-page","status-publish","hentry"],"aioseo_notices":[],"_links":{"self":[{"href":"https:\/\/normbud.pl\/korozja\/wp-json\/wp\/v2\/pages\/222","targetHints":{"allow":["GET"]}}],"collection":[{"href":"https:\/\/normbud.pl\/korozja\/wp-json\/wp\/v2\/pages"}],"about":[{"href":"https:\/\/normbud.pl\/korozja\/wp-json\/wp\/v2\/types\/page"}],"author":[{"embeddable":true,"href":"https:\/\/normbud.pl\/korozja\/wp-json\/wp\/v2\/users\/1"}],"replies":[{"embeddable":true,"href":"https:\/\/normbud.pl\/korozja\/wp-json\/wp\/v2\/comments?post=222"}],"version-history":[{"count":9,"href":"https:\/\/normbud.pl\/korozja\/wp-json\/wp\/v2\/pages\/222\/revisions"}],"predecessor-version":[{"id":318,"href":"https:\/\/normbud.pl\/korozja\/wp-json\/wp\/v2\/pages\/222\/revisions\/318"}],"wp:attachment":[{"href":"https:\/\/normbud.pl\/korozja\/wp-json\/wp\/v2\/media?parent=222"}],"curies":[{"name":"wp","href":"https:\/\/api.w.org\/{rel}","templated":true}]}}