{"id":236,"date":"2021-07-15T11:44:36","date_gmt":"2021-07-15T09:44:36","guid":{"rendered":"https:\/\/www.normbud.pl\/korozja\/?page_id=236"},"modified":"2023-10-24T15:57:59","modified_gmt":"2023-10-24T13:57:59","slug":"generator-azotu-fps-900","status":"publish","type":"page","link":"https:\/\/normbud.pl\/korozja\/generator-azotu-fps-900\/","title":{"rendered":"GENERATOR AZOTU FPS-900"},"content":{"rendered":"<p><img loading=\"lazy\" decoding=\"async\" class=\"wp-image-173 size-full alignleft\" src=\"https:\/\/www.normbud.pl\/korozja\/wp-content\/uploads\/2021\/06\/logo_N2BLAST-e1626341837708.png\" alt=\"\" width=\"131\" height=\"43\" \/>| Do 3400 litr\u00f3w pojemno\u015bci instalacji<br \/>\n| Technologia dwustopniowej adsorpcji zmiennoci\u015bnieniowej<br \/>\n| Zintegrowany kompresor powietrza (nie przeznaczony do szybkiego nape\u0142niania)<br \/>\n| Zbiornik na azot o pojemno\u015bci 37.8 litr\u00f3w<br \/>\n| Programowalny sterownik logiczny PLC z technologi\u0105 Smart-Trak&#x2122;<br \/>\n| BlastOff&#x2122; I \u2013system detekcji nieszczelno\u015bci\/wyciek\u00f3w<br \/>\n| BlastOff II \u2013 alarm obej\u015bcia powietrza<br \/>\n| BlastOff III \u2013 system wczesnego ostrzegania (Opcja)<br \/>\n| BlastOff IV \u2013 alarm niskiego st\u0119\u017cenia (Opcja)<br \/>\n| STS-NF-QF-2 Spr\u0119\u017carka przeznaczona do szybkiego nape\u0142niania (2400 L. \/ 2,75 Bar)<span style=\"font-size: 1rem;\">\u00a0(Opcja)<\/span><\/p>\n<p><img loading=\"lazy\" decoding=\"async\" class=\"alignnone  wp-image-240\" src=\"https:\/\/www.normbud.pl\/korozja\/wp-content\/uploads\/2021\/07\/FPS-900_tab-264x300.png\" alt=\"\" width=\"552\" height=\"627\" srcset=\"https:\/\/normbud.pl\/korozja\/wp-content\/uploads\/2021\/07\/FPS-900_tab-264x300.png 264w, https:\/\/normbud.pl\/korozja\/wp-content\/uploads\/2021\/07\/FPS-900_tab-902x1024.png 902w, https:\/\/normbud.pl\/korozja\/wp-content\/uploads\/2021\/07\/FPS-900_tab-768x872.png 768w, https:\/\/normbud.pl\/korozja\/wp-content\/uploads\/2021\/07\/FPS-900_tab.png 1094w\" sizes=\"auto, (max-width: 552px) 100vw, 552px\" \/><\/p>\n<p><img loading=\"lazy\" decoding=\"async\" class=\"alignnone  wp-image-241\" src=\"https:\/\/www.normbud.pl\/korozja\/wp-content\/uploads\/2021\/07\/FPS-900_wym-300x267.png\" alt=\"\" width=\"546\" height=\"486\" srcset=\"https:\/\/normbud.pl\/korozja\/wp-content\/uploads\/2021\/07\/FPS-900_wym-300x267.png 300w, https:\/\/normbud.pl\/korozja\/wp-content\/uploads\/2021\/07\/FPS-900_wym-1024x912.png 1024w, https:\/\/normbud.pl\/korozja\/wp-content\/uploads\/2021\/07\/FPS-900_wym-768x684.png 768w, https:\/\/normbud.pl\/korozja\/wp-content\/uploads\/2021\/07\/FPS-900_wym.png 1179w\" sizes=\"auto, (max-width: 546px) 100vw, 546px\" \/><\/p>\n<hr \/>\n<p><img loading=\"lazy\" decoding=\"async\" class=\"alignnone size-medium wp-image-231\" src=\"https:\/\/www.normbud.pl\/korozja\/wp-content\/uploads\/2021\/07\/certyfikaty-300x68.png\" alt=\"\" width=\"300\" height=\"68\" srcset=\"https:\/\/normbud.pl\/korozja\/wp-content\/uploads\/2021\/07\/certyfikaty-300x68.png 300w, https:\/\/normbud.pl\/korozja\/wp-content\/uploads\/2021\/07\/certyfikaty.png 371w\" sizes=\"auto, (max-width: 300px) 100vw, 300px\" \/><\/p>\n<hr \/>\n<p><img loading=\"lazy\" decoding=\"async\" class=\"alignnone size-full wp-image-184\" src=\"https:\/\/www.normbud.pl\/korozja\/wp-content\/uploads\/2021\/06\/pdf-ikona-300x297-1-e1626342175145.png\" alt=\"\" width=\"45\" height=\"45\" \/> Pobierz:<\/p>\n<ul>\n<li><a href=\"https:\/\/normbud.pl\/korozja\/wp-content\/uploads\/2023\/10\/N2Blast-FPS-900_PL_normbud.pdf\">karta katalogowa<\/a><\/li>\n<\/ul>\n","protected":false},"excerpt":{"rendered":"<p>| Do 3400 litr\u00f3w pojemno\u015bci instalacji | Technologia dwustopniowej adsorpcji zmiennoci\u015bnieniowej | Zintegrowany kompresor powietrza (nie przeznaczony do szybkiego nape\u0142niania) | Zbiornik na azot o pojemno\u015bci 37.8 litr\u00f3w | Programowalny sterownik logiczny PLC z technologi\u0105 Smart-Trak&#x2122; | BlastOff&#x2122; I \u2013system detekcji nieszczelno\u015bci\/wyciek\u00f3w | BlastOff II \u2013 alarm obej\u015bcia powietrza | BlastOff III \u2013 system wczesnego &hellip; <\/p>\n<p class=\"link-more\"><a href=\"https:\/\/normbud.pl\/korozja\/generator-azotu-fps-900\/\" class=\"more-link\">Czytaj dalej<span class=\"screen-reader-text\"> \u201eGENERATOR AZOTU FPS-900\u201d<\/span><\/a><\/p>\n","protected":false},"author":1,"featured_media":0,"parent":0,"menu_order":0,"comment_status":"closed","ping_status":"closed","template":"","meta":{"footnotes":""},"class_list":["post-236","page","type-page","status-publish","hentry"],"aioseo_notices":[],"_links":{"self":[{"href":"https:\/\/normbud.pl\/korozja\/wp-json\/wp\/v2\/pages\/236","targetHints":{"allow":["GET"]}}],"collection":[{"href":"https:\/\/normbud.pl\/korozja\/wp-json\/wp\/v2\/pages"}],"about":[{"href":"https:\/\/normbud.pl\/korozja\/wp-json\/wp\/v2\/types\/page"}],"author":[{"embeddable":true,"href":"https:\/\/normbud.pl\/korozja\/wp-json\/wp\/v2\/users\/1"}],"replies":[{"embeddable":true,"href":"https:\/\/normbud.pl\/korozja\/wp-json\/wp\/v2\/comments?post=236"}],"version-history":[{"count":5,"href":"https:\/\/normbud.pl\/korozja\/wp-json\/wp\/v2\/pages\/236\/revisions"}],"predecessor-version":[{"id":326,"href":"https:\/\/normbud.pl\/korozja\/wp-json\/wp\/v2\/pages\/236\/revisions\/326"}],"wp:attachment":[{"href":"https:\/\/normbud.pl\/korozja\/wp-json\/wp\/v2\/media?parent=236"}],"curies":[{"name":"wp","href":"https:\/\/api.w.org\/{rel}","templated":true}]}}