{"id":252,"date":"2021-07-15T11:57:41","date_gmt":"2021-07-15T09:57:41","guid":{"rendered":"https:\/\/www.normbud.pl\/korozja\/?page_id=252"},"modified":"2023-07-19T15:30:02","modified_gmt":"2023-07-19T13:30:02","slug":"generator-azotu-fps-3250","status":"publish","type":"page","link":"https:\/\/normbud.pl\/korozja\/generator-azotu-fps-3250\/","title":{"rendered":"GENERATOR AZOTU FPS-3250"},"content":{"rendered":"<div class=\"wp-block-image\">\n<figure class=\"alignleft\"><img loading=\"lazy\" decoding=\"async\" width=\"131\" height=\"43\" src=\"https:\/\/www.normbud.pl\/korozja\/wp-content\/uploads\/2021\/06\/logo_N2BLAST-e1626341837708.png\" alt=\"\" class=\"wp-image-173\"\/><\/figure>\n<\/div>\n\n\n<p>| Do 12302 litr\u00f3w pojemno\u015bci instalacji<br>| Technologia dwustopniowej adsorpcji zmiennoci\u015bnieniowej<br>| Wymaga oddzielnego kompresora<br>| Wbudowany osuszacz powietrza I zbiornik na Azot<br>| Dotykowy panel sterowania z technologi\u0105 Smart-Trak&#x2122;<br>| BlastOff&#x2122; I \u2013system detekcji nieszczelno\u015bci\/wyciek\u00f3w<br>| BlastOff II \u2013 alarm obej\u015bcia powietrza<br>| BlastOff III \u2013 system wczesnego ostrzegania<br>| BlastOff IV \u2013 alarm niskiego st\u0119\u017cenia<\/p>\n\n\n\n<figure class=\"wp-block-image size-full is-resized\"><img loading=\"lazy\" decoding=\"async\" src=\"https:\/\/normbud.pl\/korozja\/wp-content\/uploads\/2023\/07\/Screenshot_43.png\" alt=\"\" class=\"wp-image-320\" width=\"468\" height=\"567\" srcset=\"https:\/\/normbud.pl\/korozja\/wp-content\/uploads\/2023\/07\/Screenshot_43.png 682w, https:\/\/normbud.pl\/korozja\/wp-content\/uploads\/2023\/07\/Screenshot_43-248x300.png 248w\" sizes=\"auto, (max-width: 468px) 100vw, 468px\" \/><\/figure>\n\n\n\n<figure class=\"wp-block-image is-resized\"><img loading=\"lazy\" decoding=\"async\" src=\"https:\/\/www.normbud.pl\/korozja\/wp-content\/uploads\/2021\/07\/3250_wym-297x300.png\" alt=\"\" class=\"wp-image-254\" width=\"465\" height=\"470\" srcset=\"https:\/\/normbud.pl\/korozja\/wp-content\/uploads\/2021\/07\/3250_wym-297x300.png 297w, https:\/\/normbud.pl\/korozja\/wp-content\/uploads\/2021\/07\/3250_wym-768x776.png 768w, https:\/\/normbud.pl\/korozja\/wp-content\/uploads\/2021\/07\/3250_wym-100x100.png 100w, https:\/\/normbud.pl\/korozja\/wp-content\/uploads\/2021\/07\/3250_wym.png 906w\" sizes=\"auto, (max-width: 465px) 100vw, 465px\" \/><\/figure>\n\n\n\n<hr class=\"wp-block-separator has-alpha-channel-opacity\"\/>\n\n\n\n<figure class=\"wp-block-image\"><img loading=\"lazy\" decoding=\"async\" width=\"300\" height=\"68\" src=\"https:\/\/www.normbud.pl\/korozja\/wp-content\/uploads\/2021\/07\/certyfikaty-300x68.png\" alt=\"\" class=\"wp-image-231\" srcset=\"https:\/\/normbud.pl\/korozja\/wp-content\/uploads\/2021\/07\/certyfikaty-300x68.png 300w, https:\/\/normbud.pl\/korozja\/wp-content\/uploads\/2021\/07\/certyfikaty.png 371w\" sizes=\"auto, (max-width: 300px) 100vw, 300px\" \/><\/figure>\n\n\n\n<hr class=\"wp-block-separator has-alpha-channel-opacity\"\/>\n\n\n\n<p><img loading=\"lazy\" decoding=\"async\" class=\"alignnone size-full wp-image-184\" src=\"https:\/\/www.normbud.pl\/korozja\/wp-content\/uploads\/2021\/06\/pdf-ikona-300x297-1-e1626342175145.png\" alt=\"\" width=\"45\" height=\"45\"> Pobierz:<\/p>\n\n\n\n<ul class=\"wp-block-list\">\n<li><a href=\"https:\/\/normbud.pl\/korozja\/wp-content\/uploads\/2023\/07\/N2Blast-FPS-3250_PL_normbud.pdf\">karta katalogowa\u00a0<\/a><\/li>\n<\/ul>\n","protected":false},"excerpt":{"rendered":"<p>| Do 12302 litr\u00f3w pojemno\u015bci instalacji| Technologia dwustopniowej adsorpcji zmiennoci\u015bnieniowej| Wymaga oddzielnego kompresora| Wbudowany osuszacz powietrza I zbiornik na Azot| Dotykowy panel sterowania z technologi\u0105 Smart-Trak&#x2122;| BlastOff&#x2122; I \u2013system detekcji nieszczelno\u015bci\/wyciek\u00f3w| BlastOff II \u2013 alarm obej\u015bcia powietrza| BlastOff III \u2013 system wczesnego ostrzegania| BlastOff IV \u2013 alarm niskiego st\u0119\u017cenia Pobierz:<\/p>\n","protected":false},"author":1,"featured_media":0,"parent":0,"menu_order":0,"comment_status":"closed","ping_status":"closed","template":"","meta":{"footnotes":""},"class_list":["post-252","page","type-page","status-publish","hentry"],"aioseo_notices":[],"_links":{"self":[{"href":"https:\/\/normbud.pl\/korozja\/wp-json\/wp\/v2\/pages\/252","targetHints":{"allow":["GET"]}}],"collection":[{"href":"https:\/\/normbud.pl\/korozja\/wp-json\/wp\/v2\/pages"}],"about":[{"href":"https:\/\/normbud.pl\/korozja\/wp-json\/wp\/v2\/types\/page"}],"author":[{"embeddable":true,"href":"https:\/\/normbud.pl\/korozja\/wp-json\/wp\/v2\/users\/1"}],"replies":[{"embeddable":true,"href":"https:\/\/normbud.pl\/korozja\/wp-json\/wp\/v2\/comments?post=252"}],"version-history":[{"count":2,"href":"https:\/\/normbud.pl\/korozja\/wp-json\/wp\/v2\/pages\/252\/revisions"}],"predecessor-version":[{"id":322,"href":"https:\/\/normbud.pl\/korozja\/wp-json\/wp\/v2\/pages\/252\/revisions\/322"}],"wp:attachment":[{"href":"https:\/\/normbud.pl\/korozja\/wp-json\/wp\/v2\/media?parent=252"}],"curies":[{"name":"wp","href":"https:\/\/api.w.org\/{rel}","templated":true}]}}