{"id":258,"date":"2021-07-15T12:03:34","date_gmt":"2021-07-15T10:03:34","guid":{"rendered":"https:\/\/www.normbud.pl\/korozja\/?page_id=258"},"modified":"2021-07-22T11:54:14","modified_gmt":"2021-07-22T09:54:14","slug":"generator-azotu-fps-5000","status":"publish","type":"page","link":"https:\/\/normbud.pl\/korozja\/generator-azotu-fps-5000\/","title":{"rendered":"GENERATOR AZOTU FPS-5000"},"content":{"rendered":"<p><img loading=\"lazy\" decoding=\"async\" class=\"size-full wp-image-173 alignleft\" src=\"https:\/\/www.normbud.pl\/korozja\/wp-content\/uploads\/2021\/06\/logo_N2BLAST-e1626341837708.png\" alt=\"\" width=\"131\" height=\"43\" \/>| Do 18927 litr\u00f3w pojemno\u015bci instalacji<br \/>\n| Technologia dwustopniowej adsorpcji zmiennoci\u015bnieniowej<br \/>\n| Wymaga oddzielnego kompresora<br \/>\n| Zintegrowany osuszacz powietrza I zbiornik na azot<br \/>\n| Dotykowy panel sterowania z technologi\u0105 Smart-Trak&#x2122;<br \/>\n| BlastOff&#x2122; I \u2013system detekcji nieszczelno\u015bci\/wyciek\u00f3w<br \/>\n| BlastOff II \u2013 alarm obej\u015bcia powietrza<br \/>\n| BlastOff III \u2013 system wczesnego ostrzegania<br \/>\n| BlastOff IV \u2013 alarm niskiego st\u0119\u017cenia<\/p>\n<p><img loading=\"lazy\" decoding=\"async\" class=\"alignnone wp-image-259\" src=\"https:\/\/www.normbud.pl\/korozja\/wp-content\/uploads\/2021\/07\/5000_tab-241x300.png\" alt=\"\" width=\"440\" height=\"548\" srcset=\"https:\/\/normbud.pl\/korozja\/wp-content\/uploads\/2021\/07\/5000_tab-241x300.png 241w, https:\/\/normbud.pl\/korozja\/wp-content\/uploads\/2021\/07\/5000_tab-821x1024.png 821w, https:\/\/normbud.pl\/korozja\/wp-content\/uploads\/2021\/07\/5000_tab-768x958.png 768w, https:\/\/normbud.pl\/korozja\/wp-content\/uploads\/2021\/07\/5000_tab.png 1094w\" sizes=\"auto, (max-width: 440px) 100vw, 440px\" \/><\/p>\n<p><img loading=\"lazy\" decoding=\"async\" class=\"alignnone wp-image-260\" src=\"https:\/\/www.normbud.pl\/korozja\/wp-content\/uploads\/2021\/07\/5000_wym-298x300.png\" alt=\"\" width=\"443\" height=\"446\" srcset=\"https:\/\/normbud.pl\/korozja\/wp-content\/uploads\/2021\/07\/5000_wym-298x300.png 298w, https:\/\/normbud.pl\/korozja\/wp-content\/uploads\/2021\/07\/5000_wym-150x150.png 150w, https:\/\/normbud.pl\/korozja\/wp-content\/uploads\/2021\/07\/5000_wym-768x774.png 768w, https:\/\/normbud.pl\/korozja\/wp-content\/uploads\/2021\/07\/5000_wym-100x100.png 100w, https:\/\/normbud.pl\/korozja\/wp-content\/uploads\/2021\/07\/5000_wym.png 981w\" sizes=\"auto, (max-width: 443px) 100vw, 443px\" \/><\/p>\n<hr \/>\n<p><img loading=\"lazy\" decoding=\"async\" class=\"alignnone size-medium wp-image-231\" src=\"https:\/\/www.normbud.pl\/korozja\/wp-content\/uploads\/2021\/07\/certyfikaty-300x68.png\" alt=\"\" width=\"300\" height=\"68\" srcset=\"https:\/\/normbud.pl\/korozja\/wp-content\/uploads\/2021\/07\/certyfikaty-300x68.png 300w, https:\/\/normbud.pl\/korozja\/wp-content\/uploads\/2021\/07\/certyfikaty.png 371w\" sizes=\"auto, (max-width: 300px) 100vw, 300px\" \/><\/p>\n<hr \/>\n<p><img loading=\"lazy\" decoding=\"async\" class=\"alignnone size-full wp-image-184\" src=\"https:\/\/www.normbud.pl\/korozja\/wp-content\/uploads\/2021\/06\/pdf-ikona-300x297-1-e1626342175145.png\" alt=\"\" width=\"45\" height=\"45\" \/> Pobierz:<\/p>\n<ul>\n<li><a href=\"https:\/\/www.normbud.pl\/korozja\/wp-content\/uploads\/2021\/07\/N2Blast-FPS-5000_PL_normbud.pdf\">karta katalogowa\u00a0<\/a><\/li>\n<\/ul>\n","protected":false},"excerpt":{"rendered":"<p>| Do 18927 litr\u00f3w pojemno\u015bci instalacji | Technologia dwustopniowej adsorpcji zmiennoci\u015bnieniowej | Wymaga oddzielnego kompresora | Zintegrowany osuszacz powietrza I zbiornik na azot | Dotykowy panel sterowania z technologi\u0105 Smart-Trak&#x2122; | BlastOff&#x2122; I \u2013system detekcji nieszczelno\u015bci\/wyciek\u00f3w | BlastOff II \u2013 alarm obej\u015bcia powietrza | BlastOff III \u2013 system wczesnego ostrzegania | BlastOff IV \u2013 alarm &hellip; <\/p>\n<p class=\"link-more\"><a href=\"https:\/\/normbud.pl\/korozja\/generator-azotu-fps-5000\/\" class=\"more-link\">Czytaj dalej<span class=\"screen-reader-text\"> \u201eGENERATOR AZOTU FPS-5000\u201d<\/span><\/a><\/p>\n","protected":false},"author":1,"featured_media":0,"parent":0,"menu_order":0,"comment_status":"closed","ping_status":"closed","template":"","meta":{"footnotes":""},"class_list":["post-258","page","type-page","status-publish","hentry"],"aioseo_notices":[],"_links":{"self":[{"href":"https:\/\/normbud.pl\/korozja\/wp-json\/wp\/v2\/pages\/258","targetHints":{"allow":["GET"]}}],"collection":[{"href":"https:\/\/normbud.pl\/korozja\/wp-json\/wp\/v2\/pages"}],"about":[{"href":"https:\/\/normbud.pl\/korozja\/wp-json\/wp\/v2\/types\/page"}],"author":[{"embeddable":true,"href":"https:\/\/normbud.pl\/korozja\/wp-json\/wp\/v2\/users\/1"}],"replies":[{"embeddable":true,"href":"https:\/\/normbud.pl\/korozja\/wp-json\/wp\/v2\/comments?post=258"}],"version-history":[{"count":2,"href":"https:\/\/normbud.pl\/korozja\/wp-json\/wp\/v2\/pages\/258\/revisions"}],"predecessor-version":[{"id":296,"href":"https:\/\/normbud.pl\/korozja\/wp-json\/wp\/v2\/pages\/258\/revisions\/296"}],"wp:attachment":[{"href":"https:\/\/normbud.pl\/korozja\/wp-json\/wp\/v2\/media?parent=258"}],"curies":[{"name":"wp","href":"https:\/\/api.w.org\/{rel}","templated":true}]}}