{"id":271,"date":"2021-07-15T12:21:15","date_gmt":"2021-07-15T10:21:15","guid":{"rendered":"https:\/\/www.normbud.pl\/korozja\/?page_id=271"},"modified":"2023-07-19T14:33:20","modified_gmt":"2023-07-19T12:33:20","slug":"generator-azotu-fps-16500","status":"publish","type":"page","link":"https:\/\/normbud.pl\/korozja\/generator-azotu-fps-16500\/","title":{"rendered":"GENERATOR AZOTU FPS-16500"},"content":{"rendered":"<div class=\"wp-block-image\">\n<figure class=\"alignleft\"><img loading=\"lazy\" decoding=\"async\" width=\"131\" height=\"43\" src=\"https:\/\/www.normbud.pl\/korozja\/wp-content\/uploads\/2021\/06\/logo_N2BLAST-e1626341837708.png\" alt=\"\" class=\"wp-image-173\"\/><\/figure>\n<\/div>\n\n\n<p>| Do 62459 litr\u00f3w pojemno\u015bci instalacji<br>| Technologia dwustopniowej adsorpcji zmiennoci\u015bnieniowej<br>| Wymaga oddzielnego kompresora<br>| Wbudowany osuszacz powietrza I zbiornik na azot<br>| Dotykowy panel sterowania z technologi\u0105 Smart-Trak&#x2122;<br>| BlastOff&#x2122; I \u2013system detekcji nieszczelno\u015bci\/wyciek\u00f3w<br>| BlastOff II \u2013 alarm obej\u015bcia powietrza<br>| BlastOff III \u2013 system wczesnego ostrzegania (opcja)<br>| BlastOff IV \u2013 alarm niskiego st\u0119\u017cenia (opcja)<\/p>\n\n\n<div class=\"wp-block-image\">\n<figure class=\"alignleft size-full is-resized\"><img loading=\"lazy\" decoding=\"async\" src=\"https:\/\/normbud.pl\/korozja\/wp-content\/uploads\/2023\/07\/Screenshot_40.png\" alt=\"\" class=\"wp-image-307\" width=\"493\" height=\"597\" srcset=\"https:\/\/normbud.pl\/korozja\/wp-content\/uploads\/2023\/07\/Screenshot_40.png 681w, https:\/\/normbud.pl\/korozja\/wp-content\/uploads\/2023\/07\/Screenshot_40-248x300.png 248w\" sizes=\"auto, (max-width: 493px) 100vw, 493px\" \/><\/figure>\n<\/div>\n\n<div class=\"wp-block-image\">\n<figure class=\"alignleft is-resized\"><img loading=\"lazy\" decoding=\"async\" src=\"https:\/\/www.normbud.pl\/korozja\/wp-content\/uploads\/2021\/07\/16500_wym-300x300.png\" alt=\"\" class=\"wp-image-273\" width=\"437\" height=\"437\" srcset=\"https:\/\/normbud.pl\/korozja\/wp-content\/uploads\/2021\/07\/16500_wym-300x300.png 300w, https:\/\/normbud.pl\/korozja\/wp-content\/uploads\/2021\/07\/16500_wym-1024x1024.png 1024w, https:\/\/normbud.pl\/korozja\/wp-content\/uploads\/2021\/07\/16500_wym-150x150.png 150w, https:\/\/normbud.pl\/korozja\/wp-content\/uploads\/2021\/07\/16500_wym-768x769.png 768w, https:\/\/normbud.pl\/korozja\/wp-content\/uploads\/2021\/07\/16500_wym-100x100.png 100w, https:\/\/normbud.pl\/korozja\/wp-content\/uploads\/2021\/07\/16500_wym.png 1050w\" sizes=\"auto, (max-width: 437px) 100vw, 437px\" \/><\/figure>\n<\/div>\n\n\n<div style=\"height:13px\" aria-hidden=\"true\" class=\"wp-block-spacer\"><\/div>\n\n\n\n<hr class=\"wp-block-separator has-alpha-channel-opacity\"\/>\n\n\n\n<figure class=\"wp-block-image\"><img loading=\"lazy\" decoding=\"async\" width=\"300\" height=\"68\" src=\"https:\/\/www.normbud.pl\/korozja\/wp-content\/uploads\/2021\/07\/certyfikaty-300x68.png\" alt=\"\" class=\"wp-image-231\" srcset=\"https:\/\/normbud.pl\/korozja\/wp-content\/uploads\/2021\/07\/certyfikaty-300x68.png 300w, https:\/\/normbud.pl\/korozja\/wp-content\/uploads\/2021\/07\/certyfikaty.png 371w\" sizes=\"auto, (max-width: 300px) 100vw, 300px\" \/><\/figure>\n\n\n\n<hr class=\"wp-block-separator has-alpha-channel-opacity\"\/>\n\n\n\n<p><img loading=\"lazy\" decoding=\"async\" class=\"alignnone size-full wp-image-184\" src=\"https:\/\/www.normbud.pl\/korozja\/wp-content\/uploads\/2021\/06\/pdf-ikona-300x297-1-e1626342175145.png\" alt=\"\" width=\"45\" height=\"45\"> Pobierz:<\/p>\n\n\n\n<ul class=\"wp-block-list\">\n<li><a href=\"https:\/\/normbud.pl\/korozja\/wp-content\/uploads\/2023\/07\/N2Blast-FPS-16500_PL_normbud.pdf\">karta katalogowa<\/a><\/li>\n<\/ul>\n","protected":false},"excerpt":{"rendered":"<p>| Do 62459 litr\u00f3w pojemno\u015bci instalacji| Technologia dwustopniowej adsorpcji zmiennoci\u015bnieniowej| Wymaga oddzielnego kompresora| Wbudowany osuszacz powietrza I zbiornik na azot| Dotykowy panel sterowania z technologi\u0105 Smart-Trak&#x2122;| BlastOff&#x2122; I \u2013system detekcji nieszczelno\u015bci\/wyciek\u00f3w| BlastOff II \u2013 alarm obej\u015bcia powietrza| BlastOff III \u2013 system wczesnego ostrzegania (opcja)| BlastOff IV \u2013 alarm niskiego st\u0119\u017cenia (opcja) Pobierz:<\/p>\n","protected":false},"author":1,"featured_media":0,"parent":0,"menu_order":0,"comment_status":"closed","ping_status":"closed","template":"","meta":{"footnotes":""},"class_list":["post-271","page","type-page","status-publish","hentry"],"aioseo_notices":[],"_links":{"self":[{"href":"https:\/\/normbud.pl\/korozja\/wp-json\/wp\/v2\/pages\/271","targetHints":{"allow":["GET"]}}],"collection":[{"href":"https:\/\/normbud.pl\/korozja\/wp-json\/wp\/v2\/pages"}],"about":[{"href":"https:\/\/normbud.pl\/korozja\/wp-json\/wp\/v2\/types\/page"}],"author":[{"embeddable":true,"href":"https:\/\/normbud.pl\/korozja\/wp-json\/wp\/v2\/users\/1"}],"replies":[{"embeddable":true,"href":"https:\/\/normbud.pl\/korozja\/wp-json\/wp\/v2\/comments?post=271"}],"version-history":[{"count":4,"href":"https:\/\/normbud.pl\/korozja\/wp-json\/wp\/v2\/pages\/271\/revisions"}],"predecessor-version":[{"id":313,"href":"https:\/\/normbud.pl\/korozja\/wp-json\/wp\/v2\/pages\/271\/revisions\/313"}],"wp:attachment":[{"href":"https:\/\/normbud.pl\/korozja\/wp-json\/wp\/v2\/media?parent=271"}],"curies":[{"name":"wp","href":"https:\/\/api.w.org\/{rel}","templated":true}]}}