{"id":77,"date":"2020-12-14T16:15:53","date_gmt":"2020-12-14T15:15:53","guid":{"rendered":"https:\/\/www.korozja.normbud.pl\/?page_id=77"},"modified":"2021-07-22T11:56:38","modified_gmt":"2021-07-22T09:56:38","slug":"instalacje-powietrzne","status":"publish","type":"page","link":"https:\/\/normbud.pl\/korozja\/instalacje-powietrzne\/","title":{"rendered":"Instalacje powietrzne"},"content":{"rendered":"\n<p>W Polsce prawdopodobnie wszystkie istniej\u0105ce instalacje powietrzne zasilane s\u0105 przy u\u017cyciu spr\u0119\u017carek, gdzie gazem nadzoruj\u0105cym prace instalacji jest spr\u0119\u017cone powietrza. Jednak spr\u0119\u017cone powietrze sk\u0142ada si\u0119 z tlenu oraz wilgoci powoduj\u0105c korozj\u0119. Ponadto cz\u0119sto przyczyn\u0105 przyspieszaj\u0105c\u0105 korozj\u0119 jest \u017ale zaprojektowana lub wykonana instalacja m.in brak prawid\u0142owych spadk\u00f3w ruroci\u0105g\u00f3w oraz ma\u0142a ilo\u015b\u0107 zawor\u00f3w odwadniaj\u0105cych instalacje po przeprowadzonych pr\u00f3bach lub w przypadku uruchomienia zaworu kontrolno-alarmowego. Doskona\u0142ym gazem pe\u0142ni\u0105cym rol\u0119 gazu nadzoruj\u0105cego jest azot. Gaz ten jest dobrze udokumentowanym&nbsp; inhibitorem korozji i z powodzeniem zosta\u0142 wdro\u017cony oraz jest wykorzystywany m.in. w bran\u017cy farmaceutycznej, petrochemicznej lub transporcie morskim.<\/p>\n\n\n\n<h2 class=\"wp-block-heading\"><strong>Generator azotu<\/strong><\/h2>\n\n\n\n<p><\/p>\n\n\n\n<p>Korozja wewn\u0119trzna rur tryskaczowych jest jednym z g\u0142\u00f3wnych problem\u00f3w, przed kt\u00f3rymi stoi bran\u017ca ochrony przeciwpo\u017carowej. Prowadzi to do kosztownych i rozleg\u0142ych napraw rur, kt\u00f3re mog\u0105 spowodowa\u0107 zamkni\u0119cie lub op\u00f3\u017anienie produkcji w zak\u0142adzie produkcyjnym, zmniejszenie powierzchni u\u017cytkowej w gara\u017cach i magazynach oraz wymuszenie relokacji najemc\u00f3w lub pacjent\u00f3w w warunkach mieszkalnych i szpitalnych. <\/p>\n\n\n\n<p>Okre\u015blenie instalacji tryskaczowej suchej \/ powietrznej jest w pewnym sensie sprzeczne, poniewa\u017c podczas odbior\u00f3w instalacji tryskaczowej \/ hydrantowej oraz w trakcie eksploatacji (regularne testy \/ fa\u0142szywe alarmy ZKA ) do instalacji wt\u0142aczana jest woda. Niewielka ilo\u015b\u0107 wody i wilgo\u0107 zawsze pozostanie w ruroci\u0105gach i stanowi doskona\u0142e \u015brodowisko do rozwoju bakterii mikrobiologicznej.<\/p>\n\n\n\n<p>Generator N2 Blast zapobiega temu problemowi poprzez wt\u0142oczenie do instalacji 98 % azotu. Zastosowanie N2 Blast znacznie wyd\u0142u\u017ca \u017cywotno\u015b\u0107 instalacji, zapobiega wyciekom z ruroci\u0105g\u00f3w i problemem zatkanych tryskaczy, co przek\u0142ada si\u0119 na zmniejszenie koszt\u00f3w napraw instalacji oraz podnosi bezpiecze\u0144stwo obiektu.<\/p>\n\n\n\n<div class=\"wp-block-image\"><figure class=\"aligncenter size-large\"><img loading=\"lazy\" decoding=\"async\" width=\"300\" height=\"582\" src=\"https:\/\/www.korozja.normbud.pl\/wp-content\/uploads\/2021\/04\/11.png\" alt=\"\" class=\"wp-image-131\" srcset=\"https:\/\/normbud.pl\/korozja\/wp-content\/uploads\/2021\/04\/11.png 300w, https:\/\/normbud.pl\/korozja\/wp-content\/uploads\/2021\/04\/11-155x300.png 155w\" sizes=\"auto, (max-width: 300px) 100vw, 300px\" \/><\/figure><\/div>\n\n\n\n<p><strong>Zalety generatora azotu N2 Blast<\/strong><\/p>\n\n\n\n<ul class=\"wp-block-list\"><li>energooszcz\u0119dna technologia PSA<\/li><li>aprobata FM<\/li><li>zakres pojemno\u015bci instalacji do 85 000 litr\u00f3w<\/li><li>zabezpieczy\u0107 mo\u017cemy nawet instalacj\u0119 10 litr\u00f3w zakres FPS500 to od 1 do 1570 m^3<\/li><\/ul>\n\n\n\n<p><\/p>\n","protected":false},"excerpt":{"rendered":"<p>W Polsce prawdopodobnie wszystkie istniej\u0105ce instalacje powietrzne zasilane s\u0105 przy u\u017cyciu spr\u0119\u017carek, gdzie gazem nadzoruj\u0105cym prace instalacji jest spr\u0119\u017cone powietrza. Jednak spr\u0119\u017cone powietrze sk\u0142ada si\u0119 z tlenu oraz wilgoci powoduj\u0105c korozj\u0119. Ponadto cz\u0119sto przyczyn\u0105 przyspieszaj\u0105c\u0105 korozj\u0119 jest \u017ale zaprojektowana lub wykonana instalacja m.in brak prawid\u0142owych spadk\u00f3w ruroci\u0105g\u00f3w oraz ma\u0142a ilo\u015b\u0107 zawor\u00f3w odwadniaj\u0105cych instalacje po przeprowadzonych &hellip; <\/p>\n<p class=\"link-more\"><a href=\"https:\/\/normbud.pl\/korozja\/instalacje-powietrzne\/\" class=\"more-link\">Czytaj dalej<span class=\"screen-reader-text\"> \u201eInstalacje powietrzne\u201d<\/span><\/a><\/p>\n","protected":false},"author":1,"featured_media":113,"parent":0,"menu_order":0,"comment_status":"closed","ping_status":"closed","template":"","meta":{"footnotes":""},"class_list":["post-77","page","type-page","status-publish","has-post-thumbnail","hentry"],"aioseo_notices":[],"_links":{"self":[{"href":"https:\/\/normbud.pl\/korozja\/wp-json\/wp\/v2\/pages\/77","targetHints":{"allow":["GET"]}}],"collection":[{"href":"https:\/\/normbud.pl\/korozja\/wp-json\/wp\/v2\/pages"}],"about":[{"href":"https:\/\/normbud.pl\/korozja\/wp-json\/wp\/v2\/types\/page"}],"author":[{"embeddable":true,"href":"https:\/\/normbud.pl\/korozja\/wp-json\/wp\/v2\/users\/1"}],"replies":[{"embeddable":true,"href":"https:\/\/normbud.pl\/korozja\/wp-json\/wp\/v2\/comments?post=77"}],"version-history":[{"count":9,"href":"https:\/\/normbud.pl\/korozja\/wp-json\/wp\/v2\/pages\/77\/revisions"}],"predecessor-version":[{"id":298,"href":"https:\/\/normbud.pl\/korozja\/wp-json\/wp\/v2\/pages\/77\/revisions\/298"}],"wp:featuredmedia":[{"embeddable":true,"href":"https:\/\/normbud.pl\/korozja\/wp-json\/wp\/v2\/media\/113"}],"wp:attachment":[{"href":"https:\/\/normbud.pl\/korozja\/wp-json\/wp\/v2\/media?parent=77"}],"curies":[{"name":"wp","href":"https:\/\/api.w.org\/{rel}","templated":true}]}}