{"id":86,"date":"2020-12-15T08:05:33","date_gmt":"2020-12-15T07:05:33","guid":{"rendered":"https:\/\/www.korozja.normbud.pl\/?page_id=86"},"modified":"2021-08-19T12:31:47","modified_gmt":"2021-08-19T10:31:47","slug":"monitorowanie","status":"publish","type":"page","link":"https:\/\/normbud.pl\/korozja\/monitorowanie\/","title":{"rendered":"Analiza wody"},"content":{"rendered":"\n<p>Test BART jest prostym testem pozwalaj\u0105cym zaoszcz\u0119dzi\u0107 wiele k\u0142opot\u00f3w i koszt\u00f3w zwi\u0105zanych z instalacjami przeciwpo\u017carowymi. Analiza wody Test BART zosta\u0142a opracowana w celu okre\u015blenia, czy i jakie bakterie MIC s\u0105 obecne w instalacji przeciwpo\u017carowej. Woda z instalacji analizowana jest pod k\u0105tem obecno\u015bci 5 g\u0142\u00f3wnych grup drobnoustroj\u00f3w powoduj\u0105cych korozj\u0119. Test jest skuteczny, a wynik wiarygodny.<\/p>\n\n\n\n<div class=\"wp-block-image\"><figure class=\"aligncenter size-large\"><img loading=\"lazy\" decoding=\"async\" width=\"900\" height=\"753\" src=\"https:\/\/www.korozja.normbud.pl\/wp-content\/uploads\/2021\/04\/333.jpg\" alt=\"\" class=\"wp-image-139\" srcset=\"https:\/\/normbud.pl\/korozja\/wp-content\/uploads\/2021\/04\/333.jpg 900w, https:\/\/normbud.pl\/korozja\/wp-content\/uploads\/2021\/04\/333-300x251.jpg 300w, https:\/\/normbud.pl\/korozja\/wp-content\/uploads\/2021\/04\/333-768x643.jpg 768w\" sizes=\"auto, (max-width: 706px) 89vw, (max-width: 767px) 82vw, 740px\" \/><\/figure><\/div>\n\n\n\n<figure class=\"wp-block-image size-large\"><img loading=\"lazy\" decoding=\"async\" width=\"850\" height=\"370\" src=\"https:\/\/www.normbud.pl\/korozja\/wp-content\/uploads\/2021\/08\/Schematic-illustration-of-microbiologically-influenced-corrosion-MIC-via-the-cathodic.png\" alt=\"\" class=\"wp-image-301\" srcset=\"https:\/\/normbud.pl\/korozja\/wp-content\/uploads\/2021\/08\/Schematic-illustration-of-microbiologically-influenced-corrosion-MIC-via-the-cathodic.png 850w, https:\/\/normbud.pl\/korozja\/wp-content\/uploads\/2021\/08\/Schematic-illustration-of-microbiologically-influenced-corrosion-MIC-via-the-cathodic-300x131.png 300w, https:\/\/normbud.pl\/korozja\/wp-content\/uploads\/2021\/08\/Schematic-illustration-of-microbiologically-influenced-corrosion-MIC-via-the-cathodic-768x334.png 768w\" sizes=\"auto, (max-width: 706px) 89vw, (max-width: 767px) 82vw, 740px\" \/><\/figure>\n","protected":false},"excerpt":{"rendered":"<p>Test BART jest prostym testem pozwalaj\u0105cym zaoszcz\u0119dzi\u0107 wiele k\u0142opot\u00f3w i koszt\u00f3w zwi\u0105zanych z instalacjami przeciwpo\u017carowymi. Analiza wody Test BART zosta\u0142a opracowana w celu okre\u015blenia, czy i jakie bakterie MIC s\u0105 obecne w instalacji przeciwpo\u017carowej. Woda z instalacji analizowana jest pod k\u0105tem obecno\u015bci 5 g\u0142\u00f3wnych grup drobnoustroj\u00f3w powoduj\u0105cych korozj\u0119. Test jest skuteczny, a wynik wiarygodny.<\/p>\n","protected":false},"author":1,"featured_media":154,"parent":0,"menu_order":0,"comment_status":"closed","ping_status":"closed","template":"","meta":{"footnotes":""},"class_list":["post-86","page","type-page","status-publish","has-post-thumbnail","hentry"],"aioseo_notices":[],"_links":{"self":[{"href":"https:\/\/normbud.pl\/korozja\/wp-json\/wp\/v2\/pages\/86","targetHints":{"allow":["GET"]}}],"collection":[{"href":"https:\/\/normbud.pl\/korozja\/wp-json\/wp\/v2\/pages"}],"about":[{"href":"https:\/\/normbud.pl\/korozja\/wp-json\/wp\/v2\/types\/page"}],"author":[{"embeddable":true,"href":"https:\/\/normbud.pl\/korozja\/wp-json\/wp\/v2\/users\/1"}],"replies":[{"embeddable":true,"href":"https:\/\/normbud.pl\/korozja\/wp-json\/wp\/v2\/comments?post=86"}],"version-history":[{"count":5,"href":"https:\/\/normbud.pl\/korozja\/wp-json\/wp\/v2\/pages\/86\/revisions"}],"predecessor-version":[{"id":302,"href":"https:\/\/normbud.pl\/korozja\/wp-json\/wp\/v2\/pages\/86\/revisions\/302"}],"wp:featuredmedia":[{"embeddable":true,"href":"https:\/\/normbud.pl\/korozja\/wp-json\/wp\/v2\/media\/154"}],"wp:attachment":[{"href":"https:\/\/normbud.pl\/korozja\/wp-json\/wp\/v2\/media?parent=86"}],"curies":[{"name":"wp","href":"https:\/\/api.w.org\/{rel}","templated":true}]}}